{"id":1641,"date":"2026-01-25T12:12:17","date_gmt":"2026-01-25T12:12:17","guid":{"rendered":"https:\/\/carolina.temp.magycal.com\/about-us\/"},"modified":"2026-02-20T14:43:30","modified_gmt":"2026-02-20T14:43:30","slug":"about-us","status":"publish","type":"page","link":"https:\/\/dudesurfschool.com\/en\/about-us\/","title":{"rendered":"About Us"},"content":{"rendered":"\t\t<div data-elementor-type=\"wp-page\" data-elementor-id=\"1641\" class=\"elementor elementor-1641 elementor-1114\" data-elementor-post-type=\"page\">\n\t\t\t\t<div class=\"elementor-element elementor-element-554dd22 e-flex e-con-boxed e-con e-parent\" data-id=\"554dd22\" data-element_type=\"container\" data-e-type=\"container\" data-settings=\"{&quot;background_background&quot;:&quot;classic&quot;,&quot;shape_divider_top&quot;:&quot;waves&quot;,&quot;shape_divider_bottom&quot;:&quot;waves&quot;,&quot;shape_divider_top_negative&quot;:&quot;yes&quot;,&quot;shape_divider_bottom_negative&quot;:&quot;yes&quot;}\">\n\t\t\t\t\t<div class=\"e-con-inner\">\n\t\t\t\t<div class=\"elementor-shape elementor-shape-top\" aria-hidden=\"true\" data-negative=\"true\">\n\t\t\t<svg xmlns=\"http:\/\/www.w3.org\/2000\/svg\" viewBox=\"0 0 1000 100\" preserveAspectRatio=\"none\">\n\t<path class=\"elementor-shape-fill\" d=\"M790.5,93.1c-59.3-5.3-116.8-18-192.6-50c-29.6-12.7-76.9-31-100.5-35.9c-23.6-4.9-52.6-7.8-75.5-5.3\n\tc-10.2,1.1-22.6,1.4-50.1,7.4c-27.2,6.3-58.2,16.6-79.4,24.7c-41.3,15.9-94.9,21.9-134,22.6C72,58.2,0,25.8,0,25.8V100h1000V65.3\n\tc0,0-51.5,19.4-106.2,25.7C839.5,97,814.1,95.2,790.5,93.1z\"\/>\n<\/svg>\t\t<\/div>\n\t\t\t\t<div class=\"elementor-shape elementor-shape-bottom\" aria-hidden=\"true\" data-negative=\"true\">\n\t\t\t<svg xmlns=\"http:\/\/www.w3.org\/2000\/svg\" viewBox=\"0 0 1000 100\" preserveAspectRatio=\"none\">\n\t<path class=\"elementor-shape-fill\" d=\"M790.5,93.1c-59.3-5.3-116.8-18-192.6-50c-29.6-12.7-76.9-31-100.5-35.9c-23.6-4.9-52.6-7.8-75.5-5.3\n\tc-10.2,1.1-22.6,1.4-50.1,7.4c-27.2,6.3-58.2,16.6-79.4,24.7c-41.3,15.9-94.9,21.9-134,22.6C72,58.2,0,25.8,0,25.8V100h1000V65.3\n\tc0,0-51.5,19.4-106.2,25.7C839.5,97,814.1,95.2,790.5,93.1z\"\/>\n<\/svg>\t\t<\/div>\n\t\t\t\t<div class=\"elementor-element elementor-element-b4091ba elementor-widget elementor-widget-heading\" data-id=\"b4091ba\" data-element_type=\"widget\" data-e-type=\"widget\" data-widget_type=\"heading.default\">\n\t\t\t\t\t<span class=\"elementor-heading-title elementor-size-default\">Get to know your surf school<\/span>\t\t\t\t<\/div>\n\t\t\t\t<div class=\"elementor-element elementor-element-7189752 elementor-cta--layout-image-above elementor-widget__width-initial elementor-cta--skin-classic elementor-animated-content elementor-bg-transform elementor-bg-transform-zoom-in elementor-widget elementor-widget-call-to-action\" data-id=\"7189752\" data-element_type=\"widget\" data-e-type=\"widget\" data-widget_type=\"call-to-action.default\">\n\t\t\t\t\t\t\t<div class=\"elementor-cta\">\n\t\t\t\t\t\t\t<div class=\"elementor-cta__content\">\n\t\t\t\t\n\t\t\t\t\t\t\t\t\t<h2 class=\"elementor-cta__title elementor-cta__content-item elementor-content-item\">\n\t\t\t\t\t\tDude surf school\t\t\t\t\t<\/h2>\n\t\t\t\t\n\t\t\t\t\t\t\t\t\t<div class=\"elementor-cta__description elementor-cta__content-item elementor-content-item\">\n\t\t\t\t\t\tDude is a surf school on Cabedelo beach, in Figueira da Foz. We have a young, friendly team with extensive training and surfing experience. We want to share what we know, teach you how to surf and have a great time together in the sea.  \t\t\t\t\t<\/div>\n\t\t\t\t\n\t\t\t\t\t\t\t\t\t<div class=\"elementor-cta__button-wrapper elementor-cta__content-item elementor-content-item \">\n\t\t\t\t\t<a class=\"elementor-cta__button elementor-button elementor-size-\" href=\"#equipa-iuri\">\n\t\t\t\t\t\tMeet the Team\t\t\t\t\t<\/a>\n\t\t\t\t\t<\/div>\n\t\t\t\t\t\t\t<\/div>\n\t\t\t\t\t\t<\/div>\n\t\t\t\t\t\t<\/div>\n\t\t\t\t\t<\/div>\n\t\t\t\t<\/div>\n\t\t<div class=\"elementor-element elementor-element-d0e2cea e-flex e-con-boxed e-con e-parent\" data-id=\"d0e2cea\" data-element_type=\"container\" data-e-type=\"container\">\n\t\t\t\t\t<div class=\"e-con-inner\">\n\t\t<div class=\"elementor-element elementor-element-f64f6eb e-con-full e-flex e-con e-child\" data-id=\"f64f6eb\" data-element_type=\"container\" data-e-type=\"container\">\n\t\t\t\t<div class=\"elementor-element elementor-element-ab77a5f elementor-widget elementor-widget-heading\" data-id=\"ab77a5f\" data-element_type=\"widget\" data-e-type=\"widget\" data-widget_type=\"heading.default\">\n\t\t\t\t\t<h2 class=\"elementor-heading-title elementor-size-default\">The Surf School: the best beach, the best students, the funniest classes.<\/h2>\t\t\t\t<\/div>\n\t\t\t\t<div class=\"elementor-element elementor-element-0a451ee elementor-widget elementor-widget-text-editor\" data-id=\"0a451ee\" data-element_type=\"widget\" data-e-type=\"widget\" data-widget_type=\"text-editor.default\">\n\t\t\t\t\t\t\t\t\t<p>The portuguese coast has some of the best waves in Europe and Figueira da Foz is at the top of the portuguese surfing spots. Cabedelo beach has consistent waves throughout the year, perhaps the most consistent in the district of Coimbra or even in the Center Coast of Portugal. With these conditions, it was easy to choose the place to set up Dude, in <strong>2020<\/strong>.  <\/p><p>Our <strong>mission<\/strong> is to promote surf, not only as <strong>physical activity<\/strong>, but as a way of <strong>contact with nature<\/strong>. We want to be a <strong>sustainable surf school<\/strong> that respects nature and everything it provides. <\/p><p>We <strong>believe<\/strong> that surfing should be for everyone, from children to adults, including people with physical limitations. We have partnerships with schools and associations in order to bring surfing to more people. We give lessons both to those who have never seen the sea and to those who live next to it and want to feel more comfortable.  <\/p><p>In our classes the word \u201c<strong>safety<\/strong>\u201d is key. We never place a coach with too many students (maximum 5), so that he can pay proper attention to each and every one. We teach and reinforce safety rules both on the beach and in the water (ways to read the ocean, precautions to take with backwash currents, protection moves in the event of a fall, safety distances between boards \u2026).  <\/p><p>We differentiate each class according to the level of the students, so that each one can define their journey in surf, at their own pace. Students who are starting the sport take classes in the white waves to gain confidence, while more advanced students go to the green waves to perfect their technique. <\/p><p>In our team we have <strong>qualified instructors<\/strong>, with many years of experience in teaching surf. Most of the coaches have a lifeguard course, for extra safety when entering the water. <\/p><p>We speak, play and laugh with <strong>our Students<\/strong>. Without you none of this would make sense. <\/p>\t\t\t\t\t\t\t\t<\/div>\n\t\t\t\t<\/div>\n\t\t<div class=\"elementor-element elementor-element-78044bd e-con-full e-flex e-con e-child\" data-id=\"78044bd\" data-element_type=\"container\" data-e-type=\"container\">\n\t\t\t\t<div class=\"elementor-element elementor-element-44d678a elementor-cta--layout-image-left elementor-cta--skin-classic elementor-animated-content elementor-bg-transform elementor-bg-transform-zoom-in elementor-widget elementor-widget-call-to-action\" data-id=\"44d678a\" data-element_type=\"widget\" data-e-type=\"widget\" data-widget_type=\"call-to-action.default\">\n\t\t\t\t\t\t\t<div class=\"elementor-cta\">\n\t\t\t\t\t\t\t<div class=\"elementor-cta__content\">\n\t\t\t\t\n\t\t\t\t\t\t\t\t\t<h2 class=\"elementor-cta__title elementor-cta__content-item elementor-content-item\">\n\t\t\t\t\t\tReady to surf?\t\t\t\t\t<\/h2>\n\t\t\t\t\n\t\t\t\t\t\t\t\t\t<div class=\"elementor-cta__description elementor-cta__content-item elementor-content-item\">\n\t\t\t\t\t\tDude Surf School is the perfect surf school for learning, improving and having fun. Book your surf lesson now!\t\t\t\t\t<\/div>\n\t\t\t\t\n\t\t\t\t\t\t\t\t\t<div class=\"elementor-cta__button-wrapper elementor-cta__content-item elementor-content-item \">\n\t\t\t\t\t<a class=\"elementor-cta__button elementor-button elementor-size-\" href=\"https:\/\/fareharbor.com\/embeds\/book\/dudesurfschool\/?full-items=yes\" target=\"_blank\" rel=\"noopener\">\n\t\t\t\t\t\tBook now!\t\t\t\t\t<\/a>\n\t\t\t\t\t<\/div>\n\t\t\t\t\t\t\t<\/div>\n\t\t\t\t\t\t<\/div>\n\t\t\t\t\t\t<\/div>\n\t\t\t\t<\/div>\n\t\t\t\t\t<\/div>\n\t\t\t\t<\/div>\n\t\t<div class=\"elementor-element elementor-element-eedfff1 e-flex e-con-boxed e-con e-parent\" data-id=\"eedfff1\" data-element_type=\"container\" data-e-type=\"container\" id=\"equipa-iuri\" data-settings=\"{&quot;background_background&quot;:&quot;classic&quot;,&quot;shape_divider_top&quot;:&quot;waves&quot;,&quot;shape_divider_bottom&quot;:&quot;waves&quot;}\">\n\t\t\t\t\t<div class=\"e-con-inner\">\n\t\t\t\t<div class=\"elementor-shape elementor-shape-top\" aria-hidden=\"true\" data-negative=\"false\">\n\t\t\t<svg xmlns=\"http:\/\/www.w3.org\/2000\/svg\" viewBox=\"0 0 1000 100\" preserveAspectRatio=\"none\">\n\t<path class=\"elementor-shape-fill\" d=\"M421.9,6.5c22.6-2.5,51.5,0.4,75.5,5.3c23.6,4.9,70.9,23.5,100.5,35.7c75.8,32.2,133.7,44.5,192.6,49.7\n\tc23.6,2.1,48.7,3.5,103.4-2.5c54.7-6,106.2-25.6,106.2-25.6V0H0v30.3c0,0,72,32.6,158.4,30.5c39.2-0.7,92.8-6.7,134-22.4\n\tc21.2-8.1,52.2-18.2,79.7-24.2C399.3,7.9,411.6,7.5,421.9,6.5z\"\/>\n<\/svg>\t\t<\/div>\n\t\t\t\t<div class=\"elementor-shape elementor-shape-bottom\" aria-hidden=\"true\" data-negative=\"false\">\n\t\t\t<svg xmlns=\"http:\/\/www.w3.org\/2000\/svg\" viewBox=\"0 0 1000 100\" preserveAspectRatio=\"none\">\n\t<path class=\"elementor-shape-fill\" d=\"M421.9,6.5c22.6-2.5,51.5,0.4,75.5,5.3c23.6,4.9,70.9,23.5,100.5,35.7c75.8,32.2,133.7,44.5,192.6,49.7\n\tc23.6,2.1,48.7,3.5,103.4-2.5c54.7-6,106.2-25.6,106.2-25.6V0H0v30.3c0,0,72,32.6,158.4,30.5c39.2-0.7,92.8-6.7,134-22.4\n\tc21.2-8.1,52.2-18.2,79.7-24.2C399.3,7.9,411.6,7.5,421.9,6.5z\"\/>\n<\/svg>\t\t<\/div>\n\t\t\t\t<div class=\"elementor-element elementor-element-ed09fef elementor-position-left elementor-widget__width-initial elementor-vertical-align-middle elementor-widget elementor-widget-image-box\" data-id=\"ed09fef\" data-element_type=\"widget\" data-e-type=\"widget\" data-widget_type=\"image-box.default\">\n\t\t\t\t\t<div class=\"elementor-image-box-wrapper\"><figure class=\"elementor-image-box-img\"><img fetchpriority=\"high\" decoding=\"async\" width=\"872\" height=\"1162\" src=\"https:\/\/dudesurfschool.com\/wp-content\/uploads\/2026\/02\/Iuri-dude.jpg\" class=\"attachment-full size-full wp-image-1631\" alt=\"I\u00fari Tom\u00e1s Surf Coach\" srcset=\"https:\/\/dudesurfschool.com\/wp-content\/uploads\/2026\/02\/Iuri-dude.jpg 872w, https:\/\/dudesurfschool.com\/wp-content\/uploads\/2026\/02\/Iuri-dude-225x300.jpg 225w, https:\/\/dudesurfschool.com\/wp-content\/uploads\/2026\/02\/Iuri-dude-768x1023.jpg 768w\" sizes=\"(max-width: 872px) 100vw, 872px\" \/><\/figure><div class=\"elementor-image-box-content\"><h3 class=\"elementor-image-box-title\">I\u00fari Tom\u00e1s<\/h3><p class=\"elementor-image-box-description\"><p><strong>Technical Director, Grade III Surf Coach<\/strong><\/p>\n<p>Our Technical Director is I\u00fari, son of Ant\u00f3nio Tom\u00e1s (a great Portuguese surfer from the 80s and 90s). Following his father steps, he started surfing from a young age, having enrolled in competitions for the first time in 2002. <\/p>\n\n<p>Since 2006 he is a <strong>Certified Lifeguard<\/strong> and, in 2010, he <strong>graduated in Sports and Wellness<\/strong>, at Escola Superior de Educa\u00e7\u00e3o e Ci\u00eancias Sociais de Leiria. Later, in 2012, he finished his<strong> Postgraduate Degree in Surfing<\/strong>, at the Faculty of Human Motricity, University of Lisbon. He has been working as technical director and surfing coach since 2013. From now on, he is 100% dedicated to the Dude project, both as Coach and Technical Director.  <\/p>\n\n<p>I\u00fari is a <strong>Grade III Surf Coach<\/strong> who loves to teach and share his maneuvers with those who are still learning. When he\u2019s not surfing, he\u2019s watching John John Florence or Gabriel Medina dominate the WSL stages. <\/p><\/p><\/div><\/div>\t\t\t\t<\/div>\n\t\t\t\t\t<\/div>\n\t\t\t\t<\/div>\n\t\t<div class=\"elementor-element elementor-element-3cafd8d e-flex e-con-boxed e-con e-parent\" data-id=\"3cafd8d\" data-element_type=\"container\" data-e-type=\"container\">\n\t\t\t\t\t<div class=\"e-con-inner\">\n\t\t\t\t<div class=\"elementor-element elementor-element-14a034a elementor-widget__width-initial elementor-position-top elementor-widget elementor-widget-image-box\" data-id=\"14a034a\" data-element_type=\"widget\" data-e-type=\"widget\" data-widget_type=\"image-box.default\">\n\t\t\t\t\t<div class=\"elementor-image-box-wrapper\"><figure class=\"elementor-image-box-img\"><img decoding=\"async\" width=\"924\" height=\"1232\" src=\"https:\/\/dudesurfschool.com\/wp-content\/uploads\/2026\/02\/carolina-dude.jpg\" class=\"attachment-full size-full wp-image-1632\" alt=\"Carolina Rosa Surf Coach\" srcset=\"https:\/\/dudesurfschool.com\/wp-content\/uploads\/2026\/02\/carolina-dude.jpg 924w, https:\/\/dudesurfschool.com\/wp-content\/uploads\/2026\/02\/carolina-dude-225x300.jpg 225w, https:\/\/dudesurfschool.com\/wp-content\/uploads\/2026\/02\/carolina-dude-768x1024.jpg 768w\" sizes=\"(max-width: 924px) 100vw, 924px\" \/><\/figure><div class=\"elementor-image-box-content\"><h3 class=\"elementor-image-box-title\">Carolina Rosa<\/h3><p class=\"elementor-image-box-description\"><p><strong>Communications Director, Surf Coach<\/strong><\/p>\n\n<p>With a degree in <strong>Communication Design<\/strong> from the Faculty of Fine Arts of the University of Lisbon and a <strong>Master's degree in Design and Multimedia<\/strong> from the Faculty of Science and Technology of the University of Coimbra, Carolina is always on her mobile phone, ready to update the school's website or social media.<\/p>\n<p>She feels most at home in the water: she doesn't have as much surfing experience as I\u00fari, but she makes up for it with her years as a <strong>competitive swimmer<\/strong>. She represented Sporting Clube de Portugal and the National Team as an athlete in multiple competitions, and still holds some national records in this sport. As a coach, she holds a <strong>Level I Surfing Coach<\/strong> course, certified by the Portuguese Surfing Federation.  <\/p>\n<p><strong>Certified Lifeguard <\/strong>between 2017 and 2021.<\/p><\/p><\/div><\/div>\t\t\t\t<\/div>\n\t\t\t\t<div class=\"elementor-element elementor-element-a1bd20d elementor-widget__width-initial elementor-position-top elementor-widget elementor-widget-image-box\" data-id=\"a1bd20d\" data-element_type=\"widget\" data-e-type=\"widget\" data-widget_type=\"image-box.default\">\n\t\t\t\t\t<div class=\"elementor-image-box-wrapper\"><figure class=\"elementor-image-box-img\"><img decoding=\"async\" width=\"744\" height=\"992\" src=\"https:\/\/dudesurfschool.com\/wp-content\/uploads\/2026\/02\/Camila-dude.jpg\" class=\"attachment-full size-full wp-image-1633\" alt=\"Camila Guardado Surf Coach\" srcset=\"https:\/\/dudesurfschool.com\/wp-content\/uploads\/2026\/02\/Camila-dude.jpg 744w, https:\/\/dudesurfschool.com\/wp-content\/uploads\/2026\/02\/Camila-dude-225x300.jpg 225w\" sizes=\"(max-width: 744px) 100vw, 744px\" \/><\/figure><div class=\"elementor-image-box-content\"><h3 class=\"elementor-image-box-title\">Camila Guardado<\/h3><p class=\"elementor-image-box-description\"><p><strong>Surf and Bodyboard Coach<\/strong><\/p>\n\n<p>Both <strong>surfing<\/strong> and <strong>bodyboarding<\/strong> are part of Camila's DNA. She has been competing in bodyboarding for five years and has over a decade of experience in wave sports! The <strong>Grade I Surfing Coach<\/strong> course, certified by the Portuguese Surfing Federation, was another step towards sharing her passion with others.  <\/p>\n\n<p>She is currently studying for a <strong>degree in Nursing<\/strong>, which reinforces her approach focused on the safety, care and well-being of her students, combined with great empathy and ease in human contact.<\/p>\n\n<p>Passionate about travelling and discovering new realities related to surfing, Camila loves to exchange experiences with surfers from all over the world.<\/p>\n<\/p><\/div><\/div>\t\t\t\t<\/div>\n\t\t\t\t<div class=\"elementor-element elementor-element-3ea52cf elementor-widget__width-initial elementor-position-top elementor-widget elementor-widget-image-box\" data-id=\"3ea52cf\" data-element_type=\"widget\" data-e-type=\"widget\" data-widget_type=\"image-box.default\">\n\t\t\t\t\t<div class=\"elementor-image-box-wrapper\"><figure class=\"elementor-image-box-img\"><img loading=\"lazy\" decoding=\"async\" width=\"1440\" height=\"1920\" src=\"https:\/\/dudesurfschool.com\/wp-content\/uploads\/2026\/02\/eduardo-alcada-dude.jpg\" class=\"attachment-full size-full wp-image-1634\" alt=\"\" srcset=\"https:\/\/dudesurfschool.com\/wp-content\/uploads\/2026\/02\/eduardo-alcada-dude.jpg 1440w, https:\/\/dudesurfschool.com\/wp-content\/uploads\/2026\/02\/eduardo-alcada-dude-225x300.jpg 225w, https:\/\/dudesurfschool.com\/wp-content\/uploads\/2026\/02\/eduardo-alcada-dude-768x1024.jpg 768w, https:\/\/dudesurfschool.com\/wp-content\/uploads\/2026\/02\/eduardo-alcada-dude-1152x1536.jpg 1152w\" sizes=\"(max-width: 1440px) 100vw, 1440px\" \/><\/figure><div class=\"elementor-image-box-content\"><h3 class=\"elementor-image-box-title\"> Eduardo Al\u00e7ada<\/h3><p class=\"elementor-image-box-description\"><p><strong>Surf and SUP Coach<\/strong><\/p>\n\n<p>With over <strong>40 years of experience at sea<\/strong>, a <strong>degree in Sports Science<\/strong> from the Faculty of Sports Science and Physical Education at the University of Coimbra, and a <strong>degree in Philosophy<\/strong> from the University of Bedfordshire in the United Kingdom, Eduardo loves to pass on his knowledge to those who are new to surfing and SUP (Stand Up Paddle). In recent years, he has complemented his academic training with <strong>SUP training<\/strong>, taught by ASUP, and a <strong>Level I Surfing Coach course<\/strong>, certified by the Portuguese Surfing Federation. <\/p>\n<p>When he is not at sea teaching, Eduardo can easily be found practising some kind of sport: in addition to surfing and SUP, he has been an international rower and national master champion in swimming (800m).<\/p>\n<p>As if all this were not enough, for several years Eduardo was a <strong>lifeguard<\/strong> in the United Kingdom.<\/p><\/p><\/div><\/div>\t\t\t\t<\/div>\n\t\t\t\t<div class=\"elementor-element elementor-element-19c4489 elementor-widget__width-initial elementor-position-top elementor-widget elementor-widget-image-box\" data-id=\"19c4489\" data-element_type=\"widget\" data-e-type=\"widget\" data-widget_type=\"image-box.default\">\n\t\t\t\t\t<div class=\"elementor-image-box-wrapper\"><figure class=\"elementor-image-box-img\"><img loading=\"lazy\" decoding=\"async\" width=\"1179\" height=\"1572\" src=\"https:\/\/dudesurfschool.com\/wp-content\/uploads\/2026\/01\/Goncalo-dude.jpg\" class=\"attachment-full size-full wp-image-1635\" alt=\"Gon\u00e7alo Ver\u00edssimo Surf Coach\" srcset=\"https:\/\/dudesurfschool.com\/wp-content\/uploads\/2026\/01\/Goncalo-dude.jpg 1179w, https:\/\/dudesurfschool.com\/wp-content\/uploads\/2026\/01\/Goncalo-dude-225x300.jpg 225w, https:\/\/dudesurfschool.com\/wp-content\/uploads\/2026\/01\/Goncalo-dude-768x1024.jpg 768w, https:\/\/dudesurfschool.com\/wp-content\/uploads\/2026\/01\/Goncalo-dude-1152x1536.jpg 1152w\" sizes=\"(max-width: 1179px) 100vw, 1179px\" \/><\/figure><div class=\"elementor-image-box-content\"><h3 class=\"elementor-image-box-title\">Gon\u00e7alo Ver\u00edssimo<\/h3><p class=\"elementor-image-box-description\"><p><strong>Surf Coach<\/strong><\/p>\n\n<p>With a <strong>degree in Tourism<\/strong> from the Higher School of Education of Coimbra and a specialisation in Outdoor Tourism certified by Turismo de Portugal, Gon\u00e7alo is one of the faces you will see most often at the school reception.<\/p>\n<p>Always looking for adrenaline, Gon\u00e7alo's athletic resume includes not only surfing, but also boxing, diving (freediving and white water), spearfishing, snowboarding, and mountain biking. As an instructor, he combines his <strong>Level I Surfing Coach<\/strong> course, certified by the Portuguese Surfing Federation, with his experience as a canyoning instructor. <\/p><\/p><\/div><\/div>\t\t\t\t<\/div>\n\t\t\t\t<div class=\"elementor-element elementor-element-ac0a49a elementor-widget__width-initial elementor-position-top elementor-widget elementor-widget-image-box\" data-id=\"ac0a49a\" data-element_type=\"widget\" data-e-type=\"widget\" data-widget_type=\"image-box.default\">\n\t\t\t\t\t<div class=\"elementor-image-box-wrapper\"><figure class=\"elementor-image-box-img\"><img loading=\"lazy\" decoding=\"async\" width=\"1920\" height=\"2560\" src=\"https:\/\/dudesurfschool.com\/wp-content\/uploads\/2026\/02\/Piri-dude-scaled.jpg\" class=\"attachment-full size-full wp-image-1636\" alt=\"Lu\u00eds Gomes Surf Coach\" srcset=\"https:\/\/dudesurfschool.com\/wp-content\/uploads\/2026\/02\/Piri-dude-scaled.jpg 1920w, https:\/\/dudesurfschool.com\/wp-content\/uploads\/2026\/02\/Piri-dude-225x300.jpg 225w, https:\/\/dudesurfschool.com\/wp-content\/uploads\/2026\/02\/Piri-dude-768x1024.jpg 768w, https:\/\/dudesurfschool.com\/wp-content\/uploads\/2026\/02\/Piri-dude-1152x1536.jpg 1152w, https:\/\/dudesurfschool.com\/wp-content\/uploads\/2026\/02\/Piri-dude-1536x2048.jpg 1536w\" sizes=\"(max-width: 1920px) 100vw, 1920px\" \/><\/figure><div class=\"elementor-image-box-content\"><h3 class=\"elementor-image-box-title\">Lu\u00eds Gomes<\/h3><p class=\"elementor-image-box-description\"><p><strong>Surf, Bodyboard and SUP Coach<\/strong><\/p>\n\n<p>Lu\u00eds Gomes, Piri to his friends, was one of the first bodyboarders in Figueira da Foz. Always full of energy and eager to be in the water, over the years he has devoted himself not only to bodyboarding, but also to surfing and SUP (Stand Up Paddle). <\/p>\n<p>In 2005, he completed the <strong>Level I Surfing Coach course<\/strong>, certified by the Portuguese Surfing Federation, followed by training in <strong>Stand Up Paddle <\/strong>(flat water) taught by ASUP and a course in <strong>Tow-in Surfing and Jet Ski Rescue<\/strong> at Jet Resgate in 2018.<\/p>\n<p>In addition to his sports training, Piri was a <strong>Lifeguard<\/strong> between 2008 and 2011.<\/p><\/p><\/div><\/div>\t\t\t\t<\/div>\n\t\t\t\t<div class=\"elementor-element elementor-element-c8e612c elementor-widget__width-initial elementor-position-top elementor-widget elementor-widget-image-box\" data-id=\"c8e612c\" data-element_type=\"widget\" data-e-type=\"widget\" data-widget_type=\"image-box.default\">\n\t\t\t\t\t<div class=\"elementor-image-box-wrapper\"><figure class=\"elementor-image-box-img\"><img loading=\"lazy\" decoding=\"async\" width=\"1920\" height=\"2560\" src=\"https:\/\/dudesurfschool.com\/wp-content\/uploads\/2026\/02\/PedroS-dude-scaled.jpg\" class=\"attachment-full size-full wp-image-1637\" alt=\"\" srcset=\"https:\/\/dudesurfschool.com\/wp-content\/uploads\/2026\/02\/PedroS-dude-scaled.jpg 1920w, https:\/\/dudesurfschool.com\/wp-content\/uploads\/2026\/02\/PedroS-dude-225x300.jpg 225w, https:\/\/dudesurfschool.com\/wp-content\/uploads\/2026\/02\/PedroS-dude-768x1024.jpg 768w, https:\/\/dudesurfschool.com\/wp-content\/uploads\/2026\/02\/PedroS-dude-1152x1536.jpg 1152w, https:\/\/dudesurfschool.com\/wp-content\/uploads\/2026\/02\/PedroS-dude-1536x2048.jpg 1536w\" sizes=\"(max-width: 1920px) 100vw, 1920px\" \/><\/figure><div class=\"elementor-image-box-content\"><h3 class=\"elementor-image-box-title\">Pedro Silveira<\/h3><p class=\"elementor-image-box-description\"><p><strong>Surf and Bodyboard Coach<\/strong><\/p>\n\n<p>Pedro is a coach with over <strong>40 years of surfing experience<\/strong>, bringing to each lesson a deep knowledge of the sea, waves and safe surfing practices.<\/p>\n<p>He is a <strong>Level I Surfing Coach<\/strong>, certified by the Portuguese Surfing Federation, ensuring structured, safe and appropriate teaching for all levels: from those taking their first steps to more experienced surfers.<\/p>\n<p>With a calm, confident and approachable manner, Pedro creates a positive and motivating environment, helping students of all ages to gain confidence in the water and enjoy the surfing experience to the fullest.<\/p>\n<\/p><\/div><\/div>\t\t\t\t<\/div>\n\t\t\t\t\t<\/div>\n\t\t\t\t<\/div>\n\t\t\t\t<\/div>\n\t\t","protected":false},"excerpt":{"rendered":"<p>Get to know your surf school Dude surf school Dude is a surf school on Cabedelo beach, in Figueira da Foz. We have a young, friendly team with extensive training and surfing experience. We want to share what we know, teach you how to surf and have a great time together in the sea. Meet [&hellip;]<\/p>\n","protected":false},"author":1,"featured_media":0,"parent":0,"menu_order":0,"comment_status":"closed","ping_status":"closed","template":"","meta":{"_acf_changed":false,"footnotes":""},"class_list":["post-1641","page","type-page","status-publish","hentry"],"acf":[],"_links":{"self":[{"href":"https:\/\/dudesurfschool.com\/en\/wp-json\/wp\/v2\/pages\/1641","targetHints":{"allow":["GET"]}}],"collection":[{"href":"https:\/\/dudesurfschool.com\/en\/wp-json\/wp\/v2\/pages"}],"about":[{"href":"https:\/\/dudesurfschool.com\/en\/wp-json\/wp\/v2\/types\/page"}],"author":[{"embeddable":true,"href":"https:\/\/dudesurfschool.com\/en\/wp-json\/wp\/v2\/users\/1"}],"replies":[{"embeddable":true,"href":"https:\/\/dudesurfschool.com\/en\/wp-json\/wp\/v2\/comments?post=1641"}],"version-history":[{"count":8,"href":"https:\/\/dudesurfschool.com\/en\/wp-json\/wp\/v2\/pages\/1641\/revisions"}],"predecessor-version":[{"id":2035,"href":"https:\/\/dudesurfschool.com\/en\/wp-json\/wp\/v2\/pages\/1641\/revisions\/2035"}],"wp:attachment":[{"href":"https:\/\/dudesurfschool.com\/en\/wp-json\/wp\/v2\/media?parent=1641"}],"curies":[{"name":"wp","href":"https:\/\/api.w.org\/{rel}","templated":true}]}}